{"id":41,"date":"2025-12-29T14:29:24","date_gmt":"2025-12-29T14:29:24","guid":{"rendered":"https:\/\/osteopatiagraciabarcelona.es\/home-2\/"},"modified":"2025-12-30T12:02:56","modified_gmt":"2025-12-30T12:02:56","slug":"inicio","status":"publish","type":"page","link":"https:\/\/osteopatiagraciabarcelona.es\/en\/","title":{"rendered":"Home"},"content":{"rendered":"<div class=\"wp-block-uagb-container uagb-block-c832201d alignfull uagb-is-root-container\">\n<div class=\"wp-block-uagb-container uagb-block-64e228b6 alignfull uagb-is-root-container\"><div class=\"uagb-container-inner-blocks-wrap\">\n<div class=\"wp-block-uagb-container uagb-block-cb2cd1da\">\n<div class=\"wp-block-uagb-info-box uagb-block-c33a8662 uagb-infobox__content-wrap  uagb-infobox-icon-above-title uagb-infobox-image-valign-top\"><div class=\"uagb-ifb-content\"><div class=\"uagb-ifb-title-wrap\"><span class=\"uagb-ifb-title-prefix\">Your well-being, our mission<\/span><h1 class=\"uagb-ifb-title\">Balance, health and wellbeing for your body<\/h1><\/div><p class=\"uagb-ifb-desc\">We offer personalised osteopathy, physiotherapy and nutrition treatments to improve your quality of life in Barcelona.<\/p><div class=\"uagb-ifb-button-wrapper wp-block-button\"><a href=\"\/en\/contacto\/\" class=\"uagb-infobox-cta-link wp-block-button__link\" target=\"_self\" rel=\"noopener noreferrer\" onclick=\"return true;\"><span class=\"uagb-inline-editing\">Make an appointment<\/span><\/a><\/div><\/div><\/div>\n<\/div>\n<\/div><\/div>\n<\/div>\n\n\n\n<div class=\"wp-block-uagb-container uagb-layout-grid uagb-block-114b0629 alignfull uagb-is-root-container\"><div class=\"uagb-container-inner-blocks-wrap\">\n<div class=\"wp-block-uagb-info-box uagb-block-de8d50a4 uagb-infobox__content-wrap  uagb-infobox-icon-above-title uagb-infobox-image-valign-top wp-block-uagb-info-box--has-margin\"><div class=\"uagb-infobox-margin-wrapper\"><div class=\"uagb-ifb-content\"><div class=\"uagb-ifb-title-wrap\"><span class=\"uagb-ifb-title-prefix\">Our services<\/span><h2 class=\"uagb-ifb-title\">Discover our specialised and effective treatments<\/h2><\/div><p class=\"uagb-ifb-desc\">We offer osteopathy, physiotherapy and dietary consultations adapted to your needs for an integral wellbeing.<\/p><div class=\"uagb-ifb-button-wrapper wp-block-button\"><a href=\"\/en\/servicios\/\" class=\"uagb-infobox-cta-link wp-block-button__link\" target=\"_self\" rel=\"noopener noreferrer\" onclick=\"return true;\"><span class=\"uagb-inline-editing\">Read more<\/span><\/a><\/div><\/div><\/div><\/div>\n\n\n\n<div class=\"wp-block-uagb-container uagb-block-f1f5cdec\">\n<div class=\"wp-block-uagb-container uagb-block-fb578369\">\n<div class=\"wp-block-uagb-image alignleft uagb-block-1a1240f8 wp-block-uagb-image--layout-default wp-block-uagb-image--effect-static wp-block-uagb-image--align-left\"><figure class=\"wp-block-uagb-image__figure\"><img loading=\"lazy\" decoding=\"async\" srcset=\"https:\/\/osteopatiagraciabarcelona.es\/wp-content\/uploads\/2025\/12\/pexels-photo-5793653.jpeg ,https:\/\/osteopatiagraciabarcelona.es\/wp-content\/uploads\/2025\/12\/pexels-photo-5793653.jpeg 780w, https:\/\/osteopatiagraciabarcelona.es\/wp-content\/uploads\/2025\/12\/pexels-photo-5793653.jpeg 360w\" sizes=\"auto, (max-width: 480px) 150px\" src=\"https:\/\/osteopatiagraciabarcelona.es\/wp-content\/uploads\/2025\/12\/pexels-photo-5793653.jpeg\" alt=\"A physiotherapist performs a back alignment therapy on a patient indoors.\" class=\"uag-image-9\" width=\"120\" height=\"120\" title=\"services-01\" role=\"img\"\/><\/figure><\/div>\n\n\n\n<div class=\"wp-block-uagb-advanced-heading uagb-block-28b299b1\"><p class=\"uagb-heading-text\">Osteopathy<\/p><p class=\"uagb-desc-text\">Natural relief of muscle and joint pain.<\/p><\/div>\n\n\n\n<div class=\"wp-block-uagb-image alignleft uagb-block-1f058e72 wp-block-uagb-image--layout-default wp-block-uagb-image--effect-static wp-block-uagb-image--align-left\"><figure class=\"wp-block-uagb-image__figure\"><img loading=\"lazy\" decoding=\"async\" srcset=\"https:\/\/osteopatiagraciabarcelona.es\/wp-content\/uploads\/2025\/12\/pexels-photo-8219055.jpeg ,https:\/\/osteopatiagraciabarcelona.es\/wp-content\/uploads\/2025\/12\/pexels-photo-8219055.jpeg 780w, https:\/\/osteopatiagraciabarcelona.es\/wp-content\/uploads\/2025\/12\/pexels-photo-8219055.jpeg 360w\" sizes=\"auto, (max-width: 480px) 150px\" src=\"https:\/\/osteopatiagraciabarcelona.es\/wp-content\/uploads\/2025\/12\/pexels-photo-8219055.jpeg\" alt=\"A physiotherapist applies kinesio tape to a woman's shoulder for pain relief and treatment.\" class=\"uag-image-10\" width=\"120\" height=\"120\" title=\"services-03\" role=\"img\"\/><\/figure><\/div>\n\n\n\n<div class=\"wp-block-uagb-advanced-heading uagb-block-d85c73d6\"><p class=\"uagb-heading-text\">Dietetic Consultation<\/p><p class=\"uagb-desc-text\">Nutrition counselling for a healthy life.<\/p><\/div>\n<\/div>\n\n\n\n<div class=\"wp-block-uagb-container uagb-block-3d30d307\">\n<div class=\"wp-block-uagb-image alignleft uagb-block-9dc4ad54 wp-block-uagb-image--layout-default wp-block-uagb-image--effect-static wp-block-uagb-image--align-left\"><figure class=\"wp-block-uagb-image__figure\"><img loading=\"lazy\" decoding=\"async\" srcset=\"https:\/\/osteopatiagraciabarcelona.es\/wp-content\/uploads\/2025\/12\/pexels-photo-20860582.jpeg ,https:\/\/osteopatiagraciabarcelona.es\/wp-content\/uploads\/2025\/12\/pexels-photo-20860582.jpeg 780w, https:\/\/osteopatiagraciabarcelona.es\/wp-content\/uploads\/2025\/12\/pexels-photo-20860582.jpeg 360w\" sizes=\"auto, (max-width: 480px) 150px\" src=\"https:\/\/osteopatiagraciabarcelona.es\/wp-content\/uploads\/2025\/12\/pexels-photo-20860582.jpeg\" alt=\"A physiotherapist assists a patient with leg stretching exercises on a treatment table.\" class=\"uag-image-11\" width=\"120\" height=\"120\" title=\"services-02\" role=\"img\"\/><\/figure><\/div>\n\n\n\n<div class=\"wp-block-uagb-advanced-heading uagb-block-9a16196d\"><p class=\"uagb-heading-text\">Physiotherapy<\/p><p class=\"uagb-desc-text\">Rehabilitation of injuries and treatment of physical ailments.<\/p><\/div>\n\n\n\n<div class=\"wp-block-uagb-image alignleft uagb-block-f31a84c7 wp-block-uagb-image--layout-default wp-block-uagb-image--effect-static wp-block-uagb-image--align-left\"><figure class=\"wp-block-uagb-image__figure\"><img loading=\"lazy\" decoding=\"async\" srcset=\"https:\/\/osteopatiagraciabarcelona.es\/wp-content\/uploads\/2025\/12\/pexels-photo-20860579.jpeg ,https:\/\/osteopatiagraciabarcelona.es\/wp-content\/uploads\/2025\/12\/pexels-photo-20860579.jpeg 780w, https:\/\/osteopatiagraciabarcelona.es\/wp-content\/uploads\/2025\/12\/pexels-photo-20860579.jpeg 360w\" sizes=\"auto, (max-width: 480px) 150px\" src=\"https:\/\/osteopatiagraciabarcelona.es\/wp-content\/uploads\/2025\/12\/pexels-photo-20860579.jpeg\" alt=\"A physiotherapist helps a patient stretch their leg during a therapy session in Vilnius clinic.\" class=\"uag-image-12\" width=\"120\" height=\"120\" title=\"services-04\" role=\"img\"\/><\/figure><\/div>\n\n\n\n<div class=\"wp-block-uagb-advanced-heading uagb-block-dcb73de9\"><p class=\"uagb-heading-text\">Therapeutic Massages<\/p><p class=\"uagb-desc-text\">Relaxation and recovery through manual therapy.<\/p><\/div>\n<\/div>\n<\/div>\n<\/div><\/div>\n\n\n\n<div class=\"wp-block-uagb-container uagb-layout-grid uagb-block-d90960c4 alignfull uagb-is-root-container\"><div class=\"uagb-container-inner-blocks-wrap\">\n<div class=\"wp-block-uagb-container uagb-layout-grid uagb-block-d9a77612\">\n<div class=\"wp-block-uagb-image alignright uagb-block-f55e8804 wp-block-uagb-image--layout-default wp-block-uagb-image--effect-static wp-block-uagb-image--align-right\"><figure class=\"wp-block-uagb-image__figure\"><img loading=\"lazy\" decoding=\"async\" srcset=\"https:\/\/osteopatiagraciabarcelona.es\/wp-content\/uploads\/2025\/12\/pexels-photo-5794054.jpeg ,https:\/\/osteopatiagraciabarcelona.es\/wp-content\/uploads\/2025\/12\/pexels-photo-5794054.jpeg 780w, https:\/\/osteopatiagraciabarcelona.es\/wp-content\/uploads\/2025\/12\/pexels-photo-5794054.jpeg 360w\" sizes=\"auto, (max-width: 480px) 150px\" src=\"https:\/\/osteopatiagraciabarcelona.es\/wp-content\/uploads\/2025\/12\/pexels-photo-5794054.jpeg\" alt=\"A therapist applies blue kinesiology tape to a patient's back in a clinical setting.\" class=\"uag-image-13\" width=\"560\" height=\"450\" title=\"who-we-are\" role=\"img\"\/><\/figure><\/div>\n\n\n\n<div class=\"wp-block-uagb-container uagb-block-7d898b37\">\n<div class=\"wp-block-uagb-container uagb-block-fecf44f7\">\n<div class=\"wp-block-uagb-counter uagb-block-cf61768c wp-block-uagb-counter--number\"><div class=\"wp-block-uagb-counter__number\"><span class=\"uagb-counter-block-number\" data-duration=\"1.5\" data-to-value=\"20\" data-from-value=\"0\" data-delimiter=\",\"><\/span><span class=\"uagb-counter-block-suffix\">+<\/span><\/div><div class=\"wp-block-uagb-counter__title\">Years of Experience<\/div><\/div>\n<\/div>\n\n\n\n<div class=\"wp-block-uagb-container uagb-block-50a094ee\">\n<div class=\"wp-block-uagb-counter uagb-block-9ee9cb03 wp-block-uagb-counter--number\"><div class=\"wp-block-uagb-counter__number\"><span class=\"uagb-counter-block-number\" data-duration=\"1.5\" data-to-value=\"40\" data-from-value=\"0\" data-delimiter=\",\"><\/span><span class=\"uagb-counter-block-suffix\">+<\/span><\/div><div class=\"wp-block-uagb-counter__title\">Team Members<\/div><\/div>\n<\/div>\n\n\n\n<div class=\"wp-block-uagb-container uagb-block-9b61b9a0\">\n<div class=\"wp-block-uagb-counter uagb-block-9a0863ba wp-block-uagb-counter--number\"><div class=\"wp-block-uagb-counter__number\"><span class=\"uagb-counter-block-number\" data-duration=\"1.5\" data-to-value=\"98\" data-from-value=\"0\" data-delimiter=\",\"><\/span><span class=\"uagb-counter-block-suffix\">%<\/span><\/div><div class=\"wp-block-uagb-counter__title\">Customer Satisfaction<\/div><\/div>\n<\/div>\n\n\n\n<div class=\"wp-block-uagb-container uagb-block-6a148dbd\">\n<div class=\"wp-block-uagb-counter uagb-block-6936853c wp-block-uagb-counter--number\"><div class=\"wp-block-uagb-counter__number\"><span class=\"uagb-counter-block-number\" data-duration=\"1.5\" data-to-value=\"500\" data-from-value=\"0\" data-delimiter=\",\"><\/span><span class=\"uagb-counter-block-suffix\">+<\/span><\/div><div class=\"wp-block-uagb-counter__title\">Project Completed<\/div><\/div>\n<\/div>\n<\/div>\n<\/div>\n\n\n\n<div class=\"wp-block-uagb-container uagb-layout-grid uagb-block-d9f7b1bd\">\n<div class=\"wp-block-uagb-info-box uagb-block-cda1e914 uagb-infobox__content-wrap  uagb-infobox-icon-above-title uagb-infobox-image-valign-top wp-block-uagb-info-box--has-margin\"><div class=\"uagb-infobox-margin-wrapper\"><div class=\"uagb-ifb-content\"><div class=\"uagb-ifb-title-wrap\"><span class=\"uagb-ifb-title-prefix\">About us<\/span><h2 class=\"uagb-ifb-title\">The experience and dedication of Alberto Lloret in osteopathy and physiotherapy<\/h2><\/div><p class=\"uagb-ifb-desc\">Alberto Lloret Barrera, a professional with extensive training, is dedicated to providing a comprehensive approach to your health and wellbeing.<\/p><div class=\"uagb-ifb-button-wrapper wp-block-button\"><a href=\"\/en\/acerca-de\/\" class=\"uagb-infobox-cta-link wp-block-button__link\" target=\"_self\" rel=\"noopener noreferrer\" onclick=\"return true;\"><span class=\"uagb-inline-editing\">Read more<\/span><\/a><\/div><\/div><\/div><\/div>\n\n\n\n<div class=\"wp-block-uagb-image alignleft uagb-block-13671b7d wp-block-uagb-image--layout-default wp-block-uagb-image--effect-static wp-block-uagb-image--align-left\"><figure class=\"wp-block-uagb-image__figure\"><img loading=\"lazy\" decoding=\"async\" srcset=\"https:\/\/osteopatiagraciabarcelona.es\/wp-content\/uploads\/2025\/12\/pexels-photo-20860584.jpeg ,https:\/\/osteopatiagraciabarcelona.es\/wp-content\/uploads\/2025\/12\/pexels-photo-20860584.jpeg 780w, https:\/\/osteopatiagraciabarcelona.es\/wp-content\/uploads\/2025\/12\/pexels-photo-20860584.jpeg 360w\" sizes=\"auto, (max-width: 480px) 150px\" src=\"https:\/\/osteopatiagraciabarcelona.es\/wp-content\/uploads\/2025\/12\/pexels-photo-20860584.jpeg\" alt=\"Professional physiotherapist helping a patient with leg exercises in a clinic setting.\" class=\"uag-image-14\" width=\"560\" height=\"430\" title=\"journey\" role=\"img\"\/><\/figure><\/div>\n<\/div>\n<\/div><\/div>\n\n\n\n<div class=\"wp-block-uagb-container uagb-layout-grid uagb-block-0c49f28e alignfull uagb-is-root-container\"><div class=\"uagb-container-inner-blocks-wrap\">\n<div class=\"wp-block-uagb-advanced-heading uagb-block-2ce61579\"><h2 class=\"uagb-heading-text\">Transform your health and wellbeing today<\/h2><\/div>\n\n\n\n<div class=\"wp-block-uagb-buttons uagb-buttons__outer-wrap uagb-btn__default-btn uagb-btn-tablet__default-btn uagb-btn-mobile__default-btn uagb-block-e1ff53da\"><div class=\"uagb-buttons__wrap uagb-buttons-layout-wrap\">\n<div class=\"wp-block-uagb-buttons-child uagb-buttons__outer-wrap uagb-block-30132705 wp-block-button\"><div class=\"uagb-button__wrapper\"><a class=\"uagb-buttons-repeater wp-block-button__link\" aria-label=\"\" href=\"\/en\/contacto\/\" rel=\"follow noopener\" target=\"_self\" role=\"button\"><div class=\"uagb-button__link\">Make an appointment<\/div><\/a><\/div><\/div>\n<\/div><\/div>\n<\/div><\/div>\n\n\n\n<div class=\"wp-block-uagb-container uagb-layout-flex uagb-block-7ce8ce00 alignfull uagb-is-root-container\"><div class=\"uagb-container-inner-blocks-wrap\">\n<div class=\"wp-block-uagb-container uagb-block-4f78f7d6\">\n<div class=\"wp-block-uagb-advanced-heading uagb-block-143fd9b9\"><p class=\"uagb-desc-text\">Our unique approach<\/p><h2 class=\"uagb-heading-text\">Personalised and professional care<\/h2><\/div>\n\n\n\n<div class=\"wp-block-uagb-image uagb-block-40669a77 wp-block-uagb-image--layout-default wp-block-uagb-image--effect-static wp-block-uagb-image--align-none\"><figure class=\"wp-block-uagb-image__figure\"><img loading=\"lazy\" decoding=\"async\" srcset=\"https:\/\/osteopatiagraciabarcelona.es\/wp-content\/uploads\/2025\/12\/pexels-photo-20860618.jpeg ,https:\/\/osteopatiagraciabarcelona.es\/wp-content\/uploads\/2025\/12\/pexels-photo-20860618.jpeg 780w, https:\/\/osteopatiagraciabarcelona.es\/wp-content\/uploads\/2025\/12\/pexels-photo-20860618.jpeg 360w\" sizes=\"auto, (max-width: 480px) 150px\" src=\"https:\/\/osteopatiagraciabarcelona.es\/wp-content\/uploads\/2025\/12\/pexels-photo-20860618.jpeg\" alt=\"A physiotherapist assists a client in an exercise during a therapy session indoors.\" class=\"uag-image-15\" width=\"570\" height=\"400\" title=\"why-choose-us\" role=\"img\"\/><\/figure><\/div>\n<\/div>\n\n\n\n<div class=\"wp-block-uagb-container uagb-block-f8dd0d02\">\n<div class=\"wp-block-uagb-container uagb-block-dc6e81b7\">\n<div class=\"wp-block-uagb-info-box uagb-block-1d6b24ed uagb-infobox__content-wrap  uagb-infobox-icon-above-title uagb-infobox-image-valign-top wp-block-uagb-info-box--has-margin\"><div class=\"uagb-infobox-margin-wrapper\"><div class=\"uagb-ifb-content\"><div class=\"uagb-ifb-title-wrap\"><span class=\"uagb-ifb-title-prefix\">01<\/span><h3 class=\"uagb-ifb-title\">Comprehensive Care<\/h3><\/div><p class=\"uagb-ifb-desc\">We provide a holistic approach to treating both body and mind, ensuring complete wellness for our patients.<\/p><\/div><\/div><\/div>\n\n\n\n<div class=\"wp-block-uagb-info-box uagb-block-3b8fa956 uagb-infobox__content-wrap  uagb-infobox-icon-above-title uagb-infobox-image-valign-top wp-block-uagb-info-box--has-margin\"><div class=\"uagb-infobox-margin-wrapper\"><div class=\"uagb-ifb-content\"><div class=\"uagb-ifb-title-wrap\"><span class=\"uagb-ifb-title-prefix\">02<\/span><h3 class=\"uagb-ifb-title\">Proven Experience<\/h3><\/div><p class=\"uagb-ifb-desc\">With years of training and practice, Alberto combines advanced techniques to achieve optimal results in manual treatments.<\/p><\/div><\/div><\/div>\n<\/div>\n\n\n\n<div class=\"wp-block-uagb-container uagb-block-db16a1fd\">\n<div class=\"wp-block-uagb-info-box uagb-block-d040c93f uagb-infobox__content-wrap  uagb-infobox-icon-above-title uagb-infobox-image-valign-top wp-block-uagb-info-box--has-margin\"><div class=\"uagb-infobox-margin-wrapper\"><div class=\"uagb-ifb-content\"><div class=\"uagb-ifb-title-wrap\"><span class=\"uagb-ifb-title-prefix\">03<\/span><h3 class=\"uagb-ifb-title\">Cosy atmosphere<\/h3><\/div><p class=\"uagb-ifb-desc\">Our clinic is designed to provide you with a quiet and comfortable space where you feel safe and cared for.<\/p><\/div><\/div><\/div>\n\n\n\n<div class=\"wp-block-uagb-info-box uagb-block-3517b2ee uagb-infobox__content-wrap  uagb-infobox-icon-above-title uagb-infobox-image-valign-top wp-block-uagb-info-box--has-margin\"><div class=\"uagb-infobox-margin-wrapper\"><div class=\"uagb-ifb-content\"><div class=\"uagb-ifb-title-wrap\"><span class=\"uagb-ifb-title-prefix\">04<\/span><h3 class=\"uagb-ifb-title\">Visible Results<\/h3><\/div><p class=\"uagb-ifb-desc\">We focus on offering you effective solutions, helping to reduce pain and improve your quality of life quickly.<\/p><\/div><\/div><\/div>\n<\/div>\n<\/div>\n<\/div><\/div>\n\n\n\n<div class=\"wp-block-uagb-container uagb-block-82f7e11c alignfull uagb-is-root-container\"><div class=\"uagb-container-inner-blocks-wrap\">\n<div class=\"wp-block-uagb-info-box uagb-block-29a068cf uagb-infobox__content-wrap  uagb-infobox-icon-above-title uagb-infobox-image-valign-top\"><div class=\"uagb-ifb-content\"><div class=\"uagb-ifb-title-wrap\"><span class=\"uagb-ifb-title-prefix\">Contact us today<\/span><h2 class=\"uagb-ifb-title\">Take the first step towards your holistic wellbeing<\/h2><\/div><p class=\"uagb-ifb-desc\">Don't wait any longer to take care of your health, make an appointment and find out how we can help you!<\/p><div class=\"uagb-ifb-button-wrapper wp-block-button\"><a href=\"\/en\/contact\/\" class=\"uagb-infobox-cta-link wp-block-button__link\" target=\"_self\" rel=\"noopener noreferrer\" onclick=\"return true;\"><span class=\"uagb-inline-editing\">Make an appointment<\/span><\/a><\/div><\/div><\/div>\n<\/div><\/div>","protected":false},"excerpt":{"rendered":"<p>Osteopat\u00eda Alivio de dolores musculares y articulares de forma natural. Consulta Diet\u00e9tica Asesoramiento en nutrici\u00f3n para una vida saludable. Fisioterapia [&hellip;]<\/p>","protected":false},"author":1,"featured_media":0,"parent":0,"menu_order":0,"comment_status":"closed","ping_status":"closed","template":"","meta":{"_uag_custom_page_level_css":"","site-sidebar-layout":"default","site-content-layout":"","ast-site-content-layout":"default","site-content-style":"default","site-sidebar-style":"default","ast-global-header-display":"","ast-banner-title-visibility":"","ast-main-header-display":"","ast-hfb-above-header-display":"","ast-hfb-below-header-display":"","ast-hfb-mobile-header-display":"","site-post-title":"disabled","ast-breadcrumbs-content":"","ast-featured-img":"","footer-sml-layout":"","ast-disable-related-posts":"","theme-transparent-header-meta":"","adv-header-id-meta":"","stick-header-meta":"","header-above-stick-meta":"","header-main-stick-meta":"","header-below-stick-meta":"","astra-migrate-meta-layouts":"default","ast-page-background-enabled":"default","ast-page-background-meta":{"desktop":{"background-color":"var(--ast-global-color-4)","background-image":"","background-repeat":"repeat","background-position":"center center","background-size":"auto","background-attachment":"scroll","background-type":"","background-media":"","overlay-type":"","overlay-color":"","overlay-opacity":"","overlay-gradient":""},"tablet":{"background-color":"","background-image":"","background-repeat":"repeat","background-position":"center center","background-size":"auto","background-attachment":"scroll","background-type":"","background-media":"","overlay-type":"","overlay-color":"","overlay-opacity":"","overlay-gradient":""},"mobile":{"background-color":"","background-image":"","background-repeat":"repeat","background-position":"center center","background-size":"auto","background-attachment":"scroll","background-type":"","background-media":"","overlay-type":"","overlay-color":"","overlay-opacity":"","overlay-gradient":""}},"ast-content-background-meta":{"desktop":{"background-color":"var(--ast-global-color-5)","background-image":"","background-repeat":"repeat","background-position":"center center","background-size":"auto","background-attachment":"scroll","background-type":"","background-media":"","overlay-type":"","overlay-color":"","overlay-opacity":"","overlay-gradient":""},"tablet":{"background-color":"var(--ast-global-color-5)","background-image":"","background-repeat":"repeat","background-position":"center center","background-size":"auto","background-attachment":"scroll","background-type":"","background-media":"","overlay-type":"","overlay-color":"","overlay-opacity":"","overlay-gradient":""},"mobile":{"background-color":"var(--ast-global-color-5)","background-image":"","background-repeat":"repeat","background-position":"center center","background-size":"auto","background-attachment":"scroll","background-type":"","background-media":"","overlay-type":"","overlay-color":"","overlay-opacity":"","overlay-gradient":""}},"footnotes":""},"class_list":["post-41","page","type-page","status-publish","hentry"],"uagb_featured_image_src":{"full":false,"thumbnail":false,"medium":false,"medium_large":false,"large":false,"1536x1536":false,"2048x2048":false,"trp-custom-language-flag":false},"uagb_author_info":{"display_name":"Alberto Lloret Barrera DNI 38136997F","author_link":"https:\/\/osteopatiagraciabarcelona.es\/en\/author\/osteopatiagraciabarcelona\/"},"uagb_comment_info":0,"uagb_excerpt":"Osteopat\u00eda Alivio de dolores musculares y articulares de forma natural. Consulta Diet\u00e9tica Asesoramiento en nutrici\u00f3n para una vida saludable. Fisioterapia [&hellip;]","_links":{"self":[{"href":"https:\/\/osteopatiagraciabarcelona.es\/en\/wp-json\/wp\/v2\/pages\/41","targetHints":{"allow":["GET"]}}],"collection":[{"href":"https:\/\/osteopatiagraciabarcelona.es\/en\/wp-json\/wp\/v2\/pages"}],"about":[{"href":"https:\/\/osteopatiagraciabarcelona.es\/en\/wp-json\/wp\/v2\/types\/page"}],"author":[{"embeddable":true,"href":"https:\/\/osteopatiagraciabarcelona.es\/en\/wp-json\/wp\/v2\/users\/1"}],"replies":[{"embeddable":true,"href":"https:\/\/osteopatiagraciabarcelona.es\/en\/wp-json\/wp\/v2\/comments?post=41"}],"version-history":[{"count":5,"href":"https:\/\/osteopatiagraciabarcelona.es\/en\/wp-json\/wp\/v2\/pages\/41\/revisions"}],"predecessor-version":[{"id":309,"href":"https:\/\/osteopatiagraciabarcelona.es\/en\/wp-json\/wp\/v2\/pages\/41\/revisions\/309"}],"wp:attachment":[{"href":"https:\/\/osteopatiagraciabarcelona.es\/en\/wp-json\/wp\/v2\/media?parent=41"}],"curies":[{"name":"wp","href":"https:\/\/api.w.org\/{rel}","templated":true}]}}