{"id":42,"date":"2025-12-29T14:29:25","date_gmt":"2025-12-29T14:29:25","guid":{"rendered":"https:\/\/osteopatiagraciabarcelona.es\/about\/"},"modified":"2025-12-30T12:28:34","modified_gmt":"2025-12-30T12:28:34","slug":"acerca-de","status":"publish","type":"page","link":"https:\/\/osteopatiagraciabarcelona.es\/en\/acerca-de\/","title":{"rendered":"About"},"content":{"rendered":"<div class=\"wp-block-uagb-container uagb-block-398cb9f6 alignfull uagb-is-root-container\"><div class=\"uagb-container-inner-blocks-wrap\">\n<div class=\"wp-block-uagb-advanced-heading uagb-block-f3ca99db\"><p class=\"uagb-desc-text\">Our Approach<\/p><h1 class=\"uagb-heading-text\">Get to know us and our wellness philosophy<\/h1><\/div>\n<\/div><\/div>\n\n\n\n<div class=\"wp-block-uagb-container uagb-layout-grid uagb-block-fa1435f9 alignfull uagb-is-root-container\"><div class=\"uagb-container-inner-blocks-wrap\">\n<div class=\"wp-block-uagb-image uagb-block-e6668d8b wp-block-uagb-image--layout-default wp-block-uagb-image--effect-static wp-block-uagb-image--align-none\"><figure class=\"wp-block-uagb-image__figure\"><img loading=\"lazy\" decoding=\"async\" srcset=\"https:\/\/osteopatiagraciabarcelona.es\/wp-content\/uploads\/2025\/12\/pexels-photo-5794058.jpeg ,https:\/\/osteopatiagraciabarcelona.es\/wp-content\/uploads\/2025\/12\/pexels-photo-5794058.jpeg 780w, https:\/\/osteopatiagraciabarcelona.es\/wp-content\/uploads\/2025\/12\/pexels-photo-5794058.jpeg 360w\" sizes=\"auto, (max-width: 480px) 150px\" src=\"https:\/\/osteopatiagraciabarcelona.es\/wp-content\/uploads\/2025\/12\/pexels-photo-5794058.jpeg\" alt=\"Chiropractor applying kinesiology tape to a woman's rib in a therapy session.\" class=\"uag-image-24\" width=\"570\" height=\"500\" title=\"who-we-are\" role=\"img\"\/><\/figure><\/div>\n\n\n\n<div class=\"wp-block-uagb-container uagb-block-8116f50b\">\n<div class=\"wp-block-uagb-info-box uagb-block-22c66185 uagb-infobox__content-wrap  uagb-infobox-icon-above-title uagb-infobox-image-valign-top wp-block-uagb-info-box--has-margin\"><div class=\"uagb-infobox-margin-wrapper\"><div class=\"uagb-ifb-content\"><div class=\"uagb-ifb-title-wrap\"><p class=\"uagb-ifb-title-prefix\">About us<\/p><h2 class=\"uagb-ifb-title\">Committed to the overall health of our patients<\/h2><\/div><p class=\"uagb-ifb-desc\">At Osteopat\u00eda Gracia Barcelona, we have helped hundreds of patients regain their wellbeing through personalised treatments. Our holistic approach combines osteopathy, physiotherapy and dietary nutrition, enabling our clients to achieve a healthy balance in their lives.<\/p><\/div><\/div><\/div>\n\n\n\n<div class=\"wp-block-uagb-advanced-heading uagb-block-9c1b1a1d\"><p class=\"uagb-heading-text\">Our team of professionals is dedicated to providing high quality personalised care. We have achieved significant results in improving the health and well-being of our patients, ensuring their satisfaction and confidence in our services.<\/p><\/div>\n<\/div>\n<\/div><\/div>\n\n\n\n<div class=\"wp-block-uagb-container uagb-block-a177b11e alignfull uagb-is-root-container\"><div class=\"uagb-container-inner-blocks-wrap\">\n<div class=\"wp-block-uagb-container uagb-block-7bdfbaaf\">\n<div class=\"wp-block-uagb-advanced-heading uagb-block-b10e0589\"><h2 class=\"uagb-heading-text\">Our Mission Statement<\/h2><p class=\"uagb-desc-text\">Our mission is to provide holistic treatments that restore the physical and emotional well-being of our patients, using personalised techniques and a health-centred approach.<\/p><\/div>\n<\/div>\n\n\n\n<div class=\"wp-block-uagb-container uagb-block-d93f4c87\">\n<div class=\"wp-block-uagb-advanced-heading uagb-block-1c9e7d1d\"><h2 class=\"uagb-heading-text\">Our Values<\/h2><p class=\"uagb-desc-text\">We believe in personalised care, respect for each patient and the promotion of a healthy lifestyle. We are committed to guiding our clients on their path to wellness.<\/p><\/div>\n<\/div>\n<\/div><\/div>\n\n\n\n<div class=\"wp-block-uagb-container uagb-layout-grid uagb-block-7151de24 alignfull uagb-is-root-container\"><div class=\"uagb-container-inner-blocks-wrap\">\n<div class=\"wp-block-uagb-advanced-heading uagb-block-5336c70c\"><p class=\"uagb-desc-text\">Our Trajectory<\/p><h2 class=\"uagb-heading-text\">The history of Osteopathy Gracia Barcelona<\/h2><\/div>\n\n\n\n<div class=\"wp-block-uagb-info-box uagb-block-37741989 uagb-infobox__content-wrap  uagb-infobox-icon-above-title uagb-infobox-image-valign-top wp-block-uagb-info-box--has-margin\"><div class=\"uagb-infobox-margin-wrapper\"><div class=\"uagb-ifb-content\"><div class=\"uagb-ifb-title-wrap\"><p class=\"uagb-ifb-title\">Founded by Alberto Lloret Barrera, Osteopat\u00eda Gracia Barcelona has grown to become a benchmark in the health sector in Barcelona. Since its opening, we have focused our efforts on providing effective and personalised treatments that address the individual needs of each patient, integrating physiotherapy, osteopathy and dietary nutrition in a single space.<\/p><\/div><p class=\"uagb-ifb-desc\">With over a decade of experience, we have established our reputation as a trusted health clinic. Our patients remark on the quality of care and the positive results they achieve in their overall wellbeing.<\/p><\/div><\/div><\/div>\n<\/div><\/div>\n\n\n\n<div class=\"wp-block-uagb-container uagb-block-82f7e11c alignfull uagb-is-root-container\"><div class=\"uagb-container-inner-blocks-wrap\">\n<div class=\"wp-block-uagb-info-box uagb-block-29a068cf uagb-infobox__content-wrap  uagb-infobox-icon-above-title uagb-infobox-image-valign-top\"><div class=\"uagb-ifb-content\"><div class=\"uagb-ifb-title-wrap\"><span class=\"uagb-ifb-title-prefix\">Contact us today<\/span><h2 class=\"uagb-ifb-title\">Take the first step towards your holistic wellbeing<\/h2><\/div><p class=\"uagb-ifb-desc\">Don't wait any longer to take care of your health, make an appointment and find out how we can help you!<\/p><div class=\"uagb-ifb-button-wrapper wp-block-button\"><a href=\"\/en\/contact\/\" class=\"uagb-infobox-cta-link wp-block-button__link\" target=\"_self\" rel=\"noopener noreferrer\" onclick=\"return true;\"><span class=\"uagb-inline-editing\">Make an appointment<\/span><\/a><\/div><\/div><\/div>\n<\/div><\/div>","protected":false},"excerpt":{"rendered":"<p>Nuestro Enfoque Con\u00f3cenos y nuestra filosof\u00eda de bienestar Nuestro equipo de profesionales se dedica a ofrecer atenci\u00f3n personalizada de alta [&hellip;]<\/p>","protected":false},"author":1,"featured_media":0,"parent":0,"menu_order":0,"comment_status":"closed","ping_status":"closed","template":"","meta":{"_uag_custom_page_level_css":"","site-sidebar-layout":"default","site-content-layout":"","ast-site-content-layout":"default","site-content-style":"default","site-sidebar-style":"default","ast-global-header-display":"","ast-banner-title-visibility":"","ast-main-header-display":"","ast-hfb-above-header-display":"","ast-hfb-below-header-display":"","ast-hfb-mobile-header-display":"","site-post-title":"disabled","ast-breadcrumbs-content":"","ast-featured-img":"","footer-sml-layout":"","ast-disable-related-posts":"","theme-transparent-header-meta":"","adv-header-id-meta":"","stick-header-meta":"","header-above-stick-meta":"","header-main-stick-meta":"","header-below-stick-meta":"","astra-migrate-meta-layouts":"default","ast-page-background-enabled":"default","ast-page-background-meta":{"desktop":{"background-color":"var(--ast-global-color-4)","background-image":"","background-repeat":"repeat","background-position":"center center","background-size":"auto","background-attachment":"scroll","background-type":"","background-media":"","overlay-type":"","overlay-color":"","overlay-opacity":"","overlay-gradient":""},"tablet":{"background-color":"","background-image":"","background-repeat":"repeat","background-position":"center center","background-size":"auto","background-attachment":"scroll","background-type":"","background-media":"","overlay-type":"","overlay-color":"","overlay-opacity":"","overlay-gradient":""},"mobile":{"background-color":"","background-image":"","background-repeat":"repeat","background-position":"center center","background-size":"auto","background-attachment":"scroll","background-type":"","background-media":"","overlay-type":"","overlay-color":"","overlay-opacity":"","overlay-gradient":""}},"ast-content-background-meta":{"desktop":{"background-color":"var(--ast-global-color-5)","background-image":"","background-repeat":"repeat","background-position":"center center","background-size":"auto","background-attachment":"scroll","background-type":"","background-media":"","overlay-type":"","overlay-color":"","overlay-opacity":"","overlay-gradient":""},"tablet":{"background-color":"var(--ast-global-color-5)","background-image":"","background-repeat":"repeat","background-position":"center center","background-size":"auto","background-attachment":"scroll","background-type":"","background-media":"","overlay-type":"","overlay-color":"","overlay-opacity":"","overlay-gradient":""},"mobile":{"background-color":"var(--ast-global-color-5)","background-image":"","background-repeat":"repeat","background-position":"center center","background-size":"auto","background-attachment":"scroll","background-type":"","background-media":"","overlay-type":"","overlay-color":"","overlay-opacity":"","overlay-gradient":""}},"footnotes":""},"class_list":["post-42","page","type-page","status-publish","hentry"],"uagb_featured_image_src":{"full":false,"thumbnail":false,"medium":false,"medium_large":false,"large":false,"1536x1536":false,"2048x2048":false,"trp-custom-language-flag":false},"uagb_author_info":{"display_name":"Alberto Lloret Barrera DNI 38136997F","author_link":"https:\/\/osteopatiagraciabarcelona.es\/en\/author\/osteopatiagraciabarcelona\/"},"uagb_comment_info":0,"uagb_excerpt":"Nuestro Enfoque Con\u00f3cenos y nuestra filosof\u00eda de bienestar Nuestro equipo de profesionales se dedica a ofrecer atenci\u00f3n personalizada de alta [&hellip;]","_links":{"self":[{"href":"https:\/\/osteopatiagraciabarcelona.es\/en\/wp-json\/wp\/v2\/pages\/42","targetHints":{"allow":["GET"]}}],"collection":[{"href":"https:\/\/osteopatiagraciabarcelona.es\/en\/wp-json\/wp\/v2\/pages"}],"about":[{"href":"https:\/\/osteopatiagraciabarcelona.es\/en\/wp-json\/wp\/v2\/types\/page"}],"author":[{"embeddable":true,"href":"https:\/\/osteopatiagraciabarcelona.es\/en\/wp-json\/wp\/v2\/users\/1"}],"replies":[{"embeddable":true,"href":"https:\/\/osteopatiagraciabarcelona.es\/en\/wp-json\/wp\/v2\/comments?post=42"}],"version-history":[{"count":5,"href":"https:\/\/osteopatiagraciabarcelona.es\/en\/wp-json\/wp\/v2\/pages\/42\/revisions"}],"predecessor-version":[{"id":311,"href":"https:\/\/osteopatiagraciabarcelona.es\/en\/wp-json\/wp\/v2\/pages\/42\/revisions\/311"}],"wp:attachment":[{"href":"https:\/\/osteopatiagraciabarcelona.es\/en\/wp-json\/wp\/v2\/media?parent=42"}],"curies":[{"name":"wp","href":"https:\/\/api.w.org\/{rel}","templated":true}]}}